{"id":2660,"date":"2016-11-01T11:09:30","date_gmt":"2016-11-01T09:09:30","guid":{"rendered":"https:\/\/new.koseckiphotography.com\/home-vertical-slider\/"},"modified":"2025-08-04T06:22:09","modified_gmt":"2025-08-04T06:22:09","slug":"home-vertical-slider","status":"publish","type":"page","link":"https:\/\/koseckiphotography.com\/pl\/","title":{"rendered":"Home Vertical Slider PL"},"content":{"rendered":"<div class=\"wpb-content-wrapper\"><p>[vc_row full_width=&#8221;stretch_row_content_no_spaces&#8221;][vc_column][banner_slider autoplay=&#8221;6&#8243;][banner_slider_items subtitle=&#8221;Sport&#8221; title=&#8221;Szybko\u015b\u0107, koncentracja, wysi\u0142ek&#8221; image=&#8221;2804&#8243; button=&#8221;url:https%3A%2F%2Fkoseckiphotography.com%2Fpl%2Fmyportfolio%2Fmemorial-ireny-szewinskiej%2F|title:ZOBACZ%20ALBUM&#8221; css=&#8221;&#8221;]<span lang=\"PL\">Sport to czyste emocje. Staram si\u0119 by\u0107 tam, gdzie dzieje si\u0119 najwi\u0119cej, by uchwyci\u0107 prawdziw\u0105 walk\u0119 i rado\u015b\u0107 zwyci\u0119stwa.<\/span>[\/banner_slider_items][banner_slider_items subtitle=&#8221;Koncerty&#8221; title=&#8221;\u015awiat\u0142o, d\u017awi\u0119k, energia sceny i emocje widowni&#8221; image=&#8221;3004&#8243; button=&#8221;url:https%3A%2F%2Fkoseckiphotography.com%2Fpl%2Fmyportfolio%2Fthe-echoes-project%2F|title:ZOBACZ%20ALBUM&#8221;]Koncerty to wyj\u0105tkowe wydarzenia, kt\u00f3re warto zatrzyma\u0107 w kadrze.[\/banner_slider_items][banner_slider_items subtitle=&#8221;Fotografia biznesowa&#8221; title=&#8221;Naturalne \u015bwiat\u0142o, lu\u017ana atmosfera i kadry, kt\u00f3re buduj\u0105 wizerunek&#8221; image=&#8221;3034&#8243; button=&#8221;url:https%3A%2F%2Fkoseckiphotography.com%2Fpl%2Fmyportfolio%2Fbussines%2F|title:ZOBACZ%20ALBUM&#8221;]Sesje wizerunkowe w plenerze to po\u0142\u0105czenie profesjonalizmu i autentyczno\u015bci.[\/banner_slider_items][\/banner_slider][\/vc_column][\/vc_row]<\/p>\n<\/div>","protected":false},"excerpt":{"rendered":"<p>[vc_row full_width=&#8221;stretch_row_content_no_spaces&#8221;][vc_column][banner_slider autoplay=&#8221;6&#8243;][banner_slider_items subtitle=&#8221;Sport&#8221; title=&#8221;Szybko\u015b\u0107, koncentracja, wysi\u0142ek&#8221; image=&#8221;2804&#8243; button=&#8221;url:https%3A%2F%2Fkoseckiphotography.com%2Fpl%2Fmyportfolio%2Fmemorial-ireny-szewinskiej%2F|title:ZOBACZ%20ALBUM&#8221; css=&#8221;&#8221;]Sport to czyste emocje. Staram si\u0119 by\u0107 tam, gdzie dzieje si\u0119 najwi\u0119cej, by uchwyci\u0107 prawdziw\u0105 walk\u0119 i rado\u015b\u0107 zwyci\u0119stwa.[\/banner_slider_items][banner_slider_items subtitle=&#8221;Koncerty&#8221; title=&#8221;\u015awiat\u0142o, d\u017awi\u0119k, energia sceny i emocje widowni&#8221; image=&#8221;3004&#8243; button=&#8221;url:https%3A%2F%2Fkoseckiphotography.com%2Fpl%2Fmyportfolio%2Fthe-echoes-project%2F|title:ZOBACZ%20ALBUM&#8221;]Koncerty to wyj\u0105tkowe wydarzenia, kt\u00f3re warto zatrzyma\u0107 w kadrze.[\/banner_slider_items][banner_slider_items subtitle=&#8221;Fotografia biznesowa&#8221; title=&#8221;Naturalne \u015bwiat\u0142o, lu\u017ana atmosfera i kadry, kt\u00f3re [&hellip;]<\/p>\n","protected":false},"author":1,"featured_media":0,"parent":0,"menu_order":0,"comment_status":"closed","ping_status":"closed","template":"","meta":{"footnotes":""},"class_list":["post-2660","page","type-page","status-publish","hentry"],"jetpack_sharing_enabled":true,"_links":{"self":[{"href":"https:\/\/koseckiphotography.com\/pl\/wp-json\/wp\/v2\/pages\/2660","targetHints":{"allow":["GET"]}}],"collection":[{"href":"https:\/\/koseckiphotography.com\/pl\/wp-json\/wp\/v2\/pages"}],"about":[{"href":"https:\/\/koseckiphotography.com\/pl\/wp-json\/wp\/v2\/types\/page"}],"author":[{"embeddable":true,"href":"https:\/\/koseckiphotography.com\/pl\/wp-json\/wp\/v2\/users\/1"}],"replies":[{"embeddable":true,"href":"https:\/\/koseckiphotography.com\/pl\/wp-json\/wp\/v2\/comments?post=2660"}],"version-history":[{"count":25,"href":"https:\/\/koseckiphotography.com\/pl\/wp-json\/wp\/v2\/pages\/2660\/revisions"}],"predecessor-version":[{"id":3878,"href":"https:\/\/koseckiphotography.com\/pl\/wp-json\/wp\/v2\/pages\/2660\/revisions\/3878"}],"wp:attachment":[{"href":"https:\/\/koseckiphotography.com\/pl\/wp-json\/wp\/v2\/media?parent=2660"}],"curies":[{"name":"wp","href":"https:\/\/api.w.org\/{rel}","templated":true}]}}