{"id":2692,"date":"2016-12-07T10:01:32","date_gmt":"2016-12-07T10:01:32","guid":{"rendered":"https:\/\/new.koseckiphotography.com\/portfolio\/"},"modified":"2025-08-22T18:49:14","modified_gmt":"2025-08-22T18:49:14","slug":"portfolio","status":"publish","type":"page","link":"https:\/\/koseckiphotography.com\/pl\/portfolio\/","title":{"rendered":"Portfolio"},"content":{"rendered":"<div class=\"wpb-content-wrapper\"><p>[vc_row css=&#8221;.vc_custom_1753359975179{margin-bottom: 20px !important;}&#8221;][vc_column][vc_empty_space height=&#8221;45px&#8221;][vc_column_text css=&#8221;.vc_custom_1753274056336{margin-bottom: 0px !important;}&#8221;]Tutaj znajdziesz wyb\u00f3r zdj\u0119\u0107 z moich ostatnich prac.<\/p>\n<p>\ud83d\udcf7 Moje portfolio obejmuje:<\/p>\n<ul>\n<li>wydarzenia korporacyjne i kulturalne<\/li>\n<li>zawody sportowe i wy\u015bcigi<\/li>\n<li>koncerty i wyst\u0119py sceniczne<\/li>\n<li>portrety biznesowe w plenerze<\/li>\n<\/ul>\n<p>Ka\u017cde zdj\u0119cie opowiada histori\u0119. Zapraszam do ogl\u0105dania![\/vc_column_text][\/vc_column][\/vc_row][vc_row][vc_column css=&#8221;.vc_custom_1481114516583{padding-right: 0px !important;padding-left: 0px !important;}&#8221;][napoli_portfolio_list style=&#8221;grid&#8221; order=&#8221;ASC&#8221; filter=&#8221;yes&#8221; count=&#8221;12&#8243;][\/vc_column][\/vc_row]<\/p>\n<\/div>","protected":false},"excerpt":{"rendered":"<p>[vc_row css=&#8221;.vc_custom_1753359975179{margin-bottom: 20px !important;}&#8221;][vc_column][vc_empty_space height=&#8221;45px&#8221;][vc_column_text css=&#8221;.vc_custom_1753274056336{margin-bottom: 0px !important;}&#8221;]Tutaj znajdziesz wyb\u00f3r zdj\u0119\u0107 z moich ostatnich prac. \ud83d\udcf7 Moje portfolio obejmuje: wydarzenia korporacyjne i kulturalne zawody sportowe i wy\u015bcigi koncerty i wyst\u0119py sceniczne portrety biznesowe w plenerze Ka\u017cde zdj\u0119cie opowiada histori\u0119. Zapraszam do ogl\u0105dania![\/vc_column_text][\/vc_column][\/vc_row][vc_row][vc_column css=&#8221;.vc_custom_1481114516583{padding-right: 0px !important;padding-left: 0px !important;}&#8221;][napoli_portfolio_list style=&#8221;grid&#8221; order=&#8221;ASC&#8221; filter=&#8221;yes&#8221; count=&#8221;12&#8243;][\/vc_column][\/vc_row]<\/p>\n","protected":false},"author":1,"featured_media":0,"parent":0,"menu_order":0,"comment_status":"closed","ping_status":"closed","template":"","meta":{"footnotes":""},"class_list":["post-2692","page","type-page","status-publish","hentry"],"jetpack_sharing_enabled":true,"_links":{"self":[{"href":"https:\/\/koseckiphotography.com\/pl\/wp-json\/wp\/v2\/pages\/2692","targetHints":{"allow":["GET"]}}],"collection":[{"href":"https:\/\/koseckiphotography.com\/pl\/wp-json\/wp\/v2\/pages"}],"about":[{"href":"https:\/\/koseckiphotography.com\/pl\/wp-json\/wp\/v2\/types\/page"}],"author":[{"embeddable":true,"href":"https:\/\/koseckiphotography.com\/pl\/wp-json\/wp\/v2\/users\/1"}],"replies":[{"embeddable":true,"href":"https:\/\/koseckiphotography.com\/pl\/wp-json\/wp\/v2\/comments?post=2692"}],"version-history":[{"count":16,"href":"https:\/\/koseckiphotography.com\/pl\/wp-json\/wp\/v2\/pages\/2692\/revisions"}],"predecessor-version":[{"id":4070,"href":"https:\/\/koseckiphotography.com\/pl\/wp-json\/wp\/v2\/pages\/2692\/revisions\/4070"}],"wp:attachment":[{"href":"https:\/\/koseckiphotography.com\/pl\/wp-json\/wp\/v2\/media?parent=2692"}],"curies":[{"name":"wp","href":"https:\/\/api.w.org\/{rel}","templated":true}]}}